{"id":144,"date":"2024-09-09T12:26:55","date_gmt":"2024-09-09T12:26:55","guid":{"rendered":"https:\/\/smarte-learningschool.com\/home-2\/"},"modified":"2024-09-09T12:27:01","modified_gmt":"2024-09-09T12:27:01","slug":"home-2","status":"publish","type":"page","link":"https:\/\/smarte-learningschool.com\/en\/","title":{"rendered":"Home"},"content":{"rendered":"<div class=\"wp-block-uagb-container uagb-layout-grid uagb-block-be604979 alignfull uagb-is-root-container\"><div class=\"uagb-container-inner-blocks-wrap\"><div class=\"wp-block-uagb-info-box uagb-block-b0ae75bf uagb-infobox__content-wrap  uagb-infobox-icon-above-title uagb-infobox-image-valign-top wp-block-uagb-info-box--has-margin\"><div class=\"uagb-infobox-margin-wrapper\"><div class=\"uagb-ifb-content\"><div class=\"uagb-ifb-title-wrap\"><span class=\"uagb-ifb-title-prefix\">La<\/span><h1 class=\"uagb-ifb-title\">Nos Cours d&rsquo;Entrepreneuriat Innovants<\/h1><\/div><p class=\"uagb-ifb-desc\">D\u00e9couvrez comment cr\u00e9er et g\u00e9rer une entreprise avec succ\u00e8s. Soyez pr\u00eats \u00e0 entreprendre avec confiance !<\/p><div class=\"uagb-ifb-button-wrapper wp-block-button\"><a href=\"\/en\/contact\/\" class=\"uagb-infobox-cta-link wp-block-button__link\" target=\"_self\" rel=\"noopener noreferrer\" onclick=\"return true;\"><span class=\"uagb-inline-editing\">Inscrivez-vous<\/span><\/a><\/div><\/div><\/div><\/div>\n\n<div class=\"wp-block-uagb-container uagb-layout-grid uagb-block-c1e26342\"><div class=\"wp-block-uagb-image uagb-block-97f675c9 wp-block-uagb-image--layout-default wp-block-uagb-image--effect-static wp-block-uagb-image--align-none\"><figure class=\"wp-block-uagb-image__figure\"><img loading=\"lazy\" decoding=\"async\" srcset=\"https:\/\/smarte-learningschool.com\/wp-content\/uploads\/2024\/09\/cellular-education-classroom-159844.jpeg ,https:\/\/smarte-learningschool.com\/wp-content\/uploads\/2024\/09\/cellular-education-classroom-159844.jpeg 780w, https:\/\/smarte-learningschool.com\/wp-content\/uploads\/2024\/09\/cellular-education-classroom-159844.jpeg 360w\" sizes=\"auto, (max-width: 480px) 150px\" src=\"https:\/\/smarte-learningschool.com\/wp-content\/uploads\/2024\/09\/cellular-education-classroom-159844.jpeg\" alt=\"\" class=\"uag-image-6\" width=\"344\" height=\"500\" title=\"home-hero-1\" role=\"img\"\/><\/figure><\/div>\n\n<div class=\"wp-block-uagb-image uagb-block-630b8229 wp-block-uagb-image--layout-default wp-block-uagb-image--effect-static wp-block-uagb-image--align-none\"><figure class=\"wp-block-uagb-image__figure\"><img loading=\"lazy\" decoding=\"async\" srcset=\"https:\/\/smarte-learningschool.com\/wp-content\/uploads\/2024\/09\/pexels-photo-1370296.jpeg ,https:\/\/smarte-learningschool.com\/wp-content\/uploads\/2024\/09\/pexels-photo-1370296.jpeg 780w, https:\/\/smarte-learningschool.com\/wp-content\/uploads\/2024\/09\/pexels-photo-1370296.jpeg 360w\" sizes=\"auto, (max-width: 480px) 150px\" src=\"https:\/\/smarte-learningschool.com\/wp-content\/uploads\/2024\/09\/pexels-photo-1370296.jpeg\" alt=\"\" class=\"uag-image-7\" width=\"200\" height=\"400\" title=\"home-hero-2\" role=\"img\"\/><\/figure><\/div><\/div><\/div><\/div><div class=\"wp-block-uagb-container uagb-block-e9f57725 alignfull uagb-is-root-container\"><div class=\"uagb-container-inner-blocks-wrap\"><div class=\"wp-block-uagb-advanced-heading uagb-block-6c99ecb0\"><p class=\"uagb-desc-text\">Services<\/p><h2 class=\"uagb-heading-text\">Nos Principaux Services<\/h2><\/div>\n\n<div class=\"wp-block-uagb-container uagb-block-b0baaf77\"><div class=\"wp-block-uagb-container uagb-block-a085eb35\"><div class=\"wp-block-uagb-image uagb-block-2ccd1a38 wp-block-uagb-image--layout-default wp-block-uagb-image--effect-static wp-block-uagb-image--align-none\"><figure class=\"wp-block-uagb-image__figure\"><img loading=\"lazy\" decoding=\"async\" srcset=\"https:\/\/smarte-learningschool.com\/wp-content\/uploads\/2024\/09\/pexels-photo-1462630.jpeg ,https:\/\/smarte-learningschool.com\/wp-content\/uploads\/2024\/09\/pexels-photo-1462630.jpeg 780w, https:\/\/smarte-learningschool.com\/wp-content\/uploads\/2024\/09\/pexels-photo-1462630.jpeg 360w\" sizes=\"auto, (max-width: 480px) 150px\" src=\"https:\/\/smarte-learningschool.com\/wp-content\/uploads\/2024\/09\/pexels-photo-1462630.jpeg\" alt=\"\" class=\"uag-image-8\" width=\"375\" height=\"360\" title=\"services-01\" role=\"img\"\/><\/figure><\/div>\n\n<div class=\"wp-block-uagb-container uagb-block-5e3fcc06\"><div class=\"wp-block-uagb-info-box uagb-block-6a943a8f uagb-infobox__content-wrap  uagb-infobox-icon-above-title uagb-infobox-image-valign-top\"><div class=\"uagb-ifb-content\"><div class=\"uagb-ifb-title-wrap\"><h3 class=\"uagb-ifb-title\">Cours Pratiques<\/h3><\/div><p class=\"uagb-ifb-desc\">Formation pratique dans la cr\u00e9ation d&rsquo;entreprise<\/p><div class=\"uagb-ifb-button-wrapper wp-block-button\"><a href=\"\/en\/services\/\" target=\"_self\" onclick=\"return true;\" class=\"uagb-infobox-cta-link\" rel=\"noopener noreferrer\"><span class=\"uagb-inline-editing\">Lire la suite<\/span><\/a><\/div><\/div><\/div><\/div><\/div>\n\n<div class=\"wp-block-uagb-container uagb-block-a7093e31\"><div class=\"wp-block-uagb-image uagb-block-320ceeec wp-block-uagb-image--layout-default wp-block-uagb-image--effect-static wp-block-uagb-image--align-none\"><figure class=\"wp-block-uagb-image__figure\"><img loading=\"lazy\" decoding=\"async\" srcset=\"https:\/\/smarte-learningschool.com\/wp-content\/uploads\/2024\/09\/pexels-photo-301926.jpeg ,https:\/\/smarte-learningschool.com\/wp-content\/uploads\/2024\/09\/pexels-photo-301926.jpeg 780w, https:\/\/smarte-learningschool.com\/wp-content\/uploads\/2024\/09\/pexels-photo-301926.jpeg 360w\" sizes=\"auto, (max-width: 480px) 150px\" src=\"https:\/\/smarte-learningschool.com\/wp-content\/uploads\/2024\/09\/pexels-photo-301926.jpeg\" alt=\"\" class=\"uag-image-9\" width=\"375\" height=\"360\" title=\"services-03\" role=\"img\"\/><\/figure><\/div>\n\n<div class=\"wp-block-uagb-container uagb-block-5e3c8e75\"><div class=\"wp-block-uagb-info-box uagb-block-4a18d3b9 uagb-infobox__content-wrap  uagb-infobox-icon-above-title uagb-infobox-image-valign-top\"><div class=\"uagb-ifb-content\"><div class=\"uagb-ifb-title-wrap\"><h3 class=\"uagb-ifb-title\">Mentorat Personnalis\u00e9<\/h3><\/div><p class=\"uagb-ifb-desc\">Accompagnement individuel par des mentors exp\u00e9riment\u00e9s<\/p><div class=\"uagb-ifb-button-wrapper wp-block-button\"><a href=\"\/en\/services\/\" target=\"_self\" onclick=\"return true;\" class=\"uagb-infobox-cta-link\" rel=\"noopener noreferrer\"><span class=\"uagb-inline-editing\">Lire la suite<\/span><\/a><\/div><\/div><\/div><\/div><\/div>\n\n<div class=\"wp-block-uagb-container uagb-block-4480e6d7\"><div class=\"wp-block-uagb-image uagb-block-312e0596 wp-block-uagb-image--layout-default wp-block-uagb-image--effect-static wp-block-uagb-image--align-none\"><figure class=\"wp-block-uagb-image__figure\"><img loading=\"lazy\" decoding=\"async\" srcset=\"https:\/\/smarte-learningschool.com\/wp-content\/uploads\/2024\/09\/pexels-photo-256417.jpeg ,https:\/\/smarte-learningschool.com\/wp-content\/uploads\/2024\/09\/pexels-photo-256417.jpeg 780w, https:\/\/smarte-learningschool.com\/wp-content\/uploads\/2024\/09\/pexels-photo-256417.jpeg 360w\" sizes=\"auto, (max-width: 480px) 150px\" src=\"https:\/\/smarte-learningschool.com\/wp-content\/uploads\/2024\/09\/pexels-photo-256417.jpeg\" alt=\"\" class=\"uag-image-10\" width=\"375\" height=\"360\" title=\"services-02\" role=\"img\"\/><\/figure><\/div>\n\n<div class=\"wp-block-uagb-container uagb-block-5e0a1250\"><div class=\"wp-block-uagb-info-box uagb-block-05e65b9a uagb-infobox__content-wrap  uagb-infobox-icon-above-title uagb-infobox-image-valign-top\"><div class=\"uagb-ifb-content\"><div class=\"uagb-ifb-title-wrap\"><h3 class=\"uagb-ifb-title\">Stages en Entreprise<\/h3><\/div><p class=\"uagb-ifb-desc\">Opportunit\u00e9 d&rsquo;acqu\u00e9rir une exp\u00e9rience pratique<\/p><div class=\"uagb-ifb-button-wrapper wp-block-button\"><a href=\"\/en\/services\/\" target=\"_self\" onclick=\"return true;\" class=\"uagb-infobox-cta-link\" rel=\"noopener noreferrer\"><span class=\"uagb-inline-editing\">Lire la suite<\/span><\/a><\/div><\/div><\/div><\/div><\/div><\/div><\/div><\/div><div class=\"wp-block-uagb-container uagb-layout-grid uagb-block-7331d5fb alignfull uagb-is-root-container\"><div class=\"uagb-container-inner-blocks-wrap\"><div class=\"wp-block-uagb-image uagb-block-5699f28f wp-block-uagb-image--layout-default wp-block-uagb-image--effect-static wp-block-uagb-image--align-none\"><figure class=\"wp-block-uagb-image__figure\"><img loading=\"lazy\" decoding=\"async\" srcset=\"https:\/\/smarte-learningschool.com\/wp-content\/uploads\/2024\/09\/pexels-photo.jpg ,https:\/\/smarte-learningschool.com\/wp-content\/uploads\/2024\/09\/pexels-photo.jpg 780w, https:\/\/smarte-learningschool.com\/wp-content\/uploads\/2024\/09\/pexels-photo.jpg 360w\" sizes=\"auto, (max-width: 480px) 150px\" src=\"https:\/\/smarte-learningschool.com\/wp-content\/uploads\/2024\/09\/pexels-photo.jpg\" alt=\"\" class=\"uag-image-11\" width=\"570\" height=\"500\" title=\"about-us-01\" role=\"img\"\/><\/figure><\/div>\n\n<div class=\"wp-block-uagb-info-box uagb-block-7c89949b uagb-infobox__content-wrap  uagb-infobox-icon-above-title uagb-infobox-image-valign-top\"><div class=\"uagb-ifb-content\"><div class=\"uagb-ifb-title-wrap\"><span class=\"uagb-ifb-title-prefix\">\u00c0 Propos<\/span><h2 class=\"uagb-ifb-title\">L&rsquo;histoire de Smarte Learning School<\/h2><\/div><p class=\"uagb-ifb-desc\">Fond\u00e9e par Thomas, notre \u00e9cole offre des opportunit\u00e9s uniques d&rsquo;apprendre et de se d\u00e9velopper dans le monde de l&rsquo;entrepreneuriat.<\/p><div class=\"uagb-ifb-button-wrapper wp-block-button\"><a href=\"\/en\/about\/\" class=\"uagb-infobox-cta-link wp-block-button__link\" target=\"_self\" rel=\"noopener noreferrer\" onclick=\"return true;\"><span class=\"uagb-inline-editing\">Lire la suite<\/span><\/a><\/div><\/div><\/div><\/div><\/div><div class=\"wp-block-uagb-container uagb-layout-grid uagb-block-0d663d83 alignfull uagb-is-root-container\"><div class=\"uagb-container-inner-blocks-wrap\"><div class=\"wp-block-uagb-info-box uagb-block-aaeca6be uagb-infobox__content-wrap  uagb-infobox-icon-above-title uagb-infobox-image-valign-top\"><div class=\"uagb-ifb-content\"><div class=\"uagb-ifb-title-wrap\"><span class=\"uagb-ifb-title-prefix\">Rejoignez<\/span><h2 class=\"uagb-ifb-title\">Joignez-vous \u00e0 la R\u00e9volution Entrepreneuriale<\/h2><\/div><p class=\"uagb-ifb-desc\">Prenez le premier pas vers votre succ\u00e8s entrepreneurial. L&rsquo;avenir de votre entreprise commence ici.<\/p><div class=\"uagb-ifb-button-wrapper wp-block-button\"><a href=\"\/en\/contact\/\" class=\"uagb-infobox-cta-link wp-block-button__link\" target=\"_self\" rel=\"noopener noreferrer\" onclick=\"return true;\"><span class=\"uagb-inline-editing\">Inscrivez-vous<\/span><\/a><\/div><\/div><\/div>\n\n<div class=\"wp-block-uagb-image uagb-block-b37c3bb6 wp-block-uagb-image--layout-default wp-block-uagb-image--effect-static wp-block-uagb-image--align-none\"><figure class=\"wp-block-uagb-image__figure\"><img loading=\"lazy\" decoding=\"async\" srcset=\"https:\/\/smarte-learningschool.com\/wp-content\/uploads\/2024\/09\/pexels-photo-2861798.jpeg ,https:\/\/smarte-learningschool.com\/wp-content\/uploads\/2024\/09\/pexels-photo-2861798.jpeg 780w, https:\/\/smarte-learningschool.com\/wp-content\/uploads\/2024\/09\/pexels-photo-2861798.jpeg 360w\" sizes=\"auto, (max-width: 480px) 150px\" src=\"https:\/\/smarte-learningschool.com\/wp-content\/uploads\/2024\/09\/pexels-photo-2861798.jpeg\" alt=\"\" class=\"uag-image-12\" width=\"570\" height=\"500\" title=\"about-us-02\" role=\"img\"\/><\/figure><\/div><\/div><\/div><div class=\"wp-block-uagb-container uagb-block-4cfa044d alignfull uagb-is-root-container\"><div class=\"uagb-container-inner-blocks-wrap\"><div class=\"wp-block-uagb-container uagb-layout-grid uagb-block-a9960266\"><div class=\"wp-block-uagb-advanced-heading uagb-block-9ba080a1\"><p class=\"uagb-desc-text\">Proposition<\/p><h2 class=\"uagb-heading-text\">Notre Proposition de Valeur Unique<\/h2><\/div>\n\n<div class=\"wp-block-uagb-container uagb-block-a35ab600\"><div class=\"wp-block-uagb-info-box uagb-block-00eed386 uagb-infobox__content-wrap  uagb-infobox-icon-above-title uagb-infobox-image-valign-top\"><div class=\"uagb-ifb-content\"><div class=\"uagb-ifb-title-wrap\"><span class=\"uagb-ifb-title-prefix\">Formation Pratique<\/span><div class=\"uagb-ifb-separator\"><\/div><p class=\"uagb-ifb-title\">Mentorat Personnalis\u00e9<\/p><\/div><\/div><\/div>\n\n<div class=\"wp-block-uagb-separator uagb-block-aac9882b\"><div class=\"wp-block-uagb-separator__inner\" style=\"--my-background-image:\"><\/div><\/div>\n\n<div class=\"wp-block-uagb-info-box uagb-block-ef551866 uagb-infobox__content-wrap  uagb-infobox-icon-above-title uagb-infobox-image-valign-top\"><div class=\"uagb-ifb-content\"><div class=\"uagb-ifb-title-wrap\"><span class=\"uagb-ifb-title-prefix\">Exp\u00e9rience en Entreprise<\/span><div class=\"uagb-ifb-separator\"><\/div><p class=\"uagb-ifb-title\">Innovation et Adaptation<\/p><\/div><\/div><\/div><\/div><\/div>\n\n<div class=\"wp-block-uagb-container uagb-layout-flex uagb-block-7614dca2\"><div class=\"wp-block-uagb-container uagb-block-5f2c715b\"><div class=\"wp-block-uagb-counter uagb-block-5c630d61 wp-block-uagb-counter--number\"><div class=\"wp-block-uagb-counter__number\"><span class=\"uagb-counter-block-number\" data-duration=\"1.5\" data-to-value=\"15\" data-from-value=\"0\" data-delimiter=\",\"><\/span><span class=\"uagb-counter-block-suffix\">+<\/span><\/div><div class=\"wp-block-uagb-counter__title\">Ann\u00e9es d&rsquo;exp\u00e9rience<\/div><\/div><\/div>\n\n<div class=\"wp-block-uagb-container uagb-block-b655e291\"><div class=\"wp-block-uagb-counter uagb-block-4b9ed742 wp-block-uagb-counter--number\"><div class=\"wp-block-uagb-counter__number\"><span class=\"uagb-counter-block-number\" data-duration=\"1.5\" data-to-value=\"700\" data-from-value=\"0\" data-delimiter=\",\"><\/span><span class=\"uagb-counter-block-suffix\">+<\/span><\/div><div class=\"wp-block-uagb-counter__title\">Clients satisfaits<\/div><\/div><\/div>\n\n<div class=\"wp-block-uagb-container uagb-block-970f5855\"><div class=\"wp-block-uagb-counter uagb-block-5d0f66d6 wp-block-uagb-counter--number\"><div class=\"wp-block-uagb-counter__number\"><span class=\"uagb-counter-block-number\" data-duration=\"1.5\" data-to-value=\"20\" data-from-value=\"0\" data-delimiter=\",\"><\/span><span class=\"uagb-counter-block-suffix\">+<\/span><\/div><div class=\"wp-block-uagb-counter__title\">Membres de l&rsquo;\u00e9quipe<\/div><\/div><\/div>\n\n<div class=\"wp-block-uagb-container uagb-block-84f83555\"><div class=\"wp-block-uagb-counter uagb-block-35de6019 wp-block-uagb-counter--number\"><div class=\"wp-block-uagb-counter__number\"><span class=\"uagb-counter-block-number\" data-duration=\"1.5\" data-to-value=\"98\" data-from-value=\"0\" data-delimiter=\",\"><\/span><span class=\"uagb-counter-block-suffix\">%<\/span><\/div><div class=\"wp-block-uagb-counter__title\">Satisfaction client<\/div><\/div><\/div><\/div><\/div><\/div><div class=\"wp-block-uagb-container uagb-block-ab53409a alignfull uagb-is-root-container\"><div class=\"uagb-container-inner-blocks-wrap\"><div class=\"wp-block-uagb-advanced-heading uagb-block-2497c00d\"><p class=\"uagb-desc-text\">T\u00e9moignages<\/p><h2 class=\"uagb-heading-text\">Ce qu&rsquo;ils disent de nous<\/h2><\/div>\n\n<div class=\"wp-block-uagb-container uagb-block-34b077d6\"><div class=\"wp-block-uagb-container uagb-block-daff6d8c\"><div class=\"wp-block-uagb-star-rating uagb-block-2e5e6bc6\"><div class=\"uag-star-rating\" title=\"5\/5\"><span class=\"uag-star\">\u2605<\/span><span class=\"uag-star\">\u2605<\/span><span class=\"uag-star\">\u2605<\/span><span class=\"uag-star\">\u2605<\/span><span class=\"uag-star\">\u2605<\/span><\/div><\/div>\n\n<div class=\"wp-block-uagb-testimonial uagb-slick-carousel uagb-tm__arrow-outside uagb-block-3f237634 uagb-post__carousel_notset uagb-post__carousel_notset-tablet uagb-post__carousel_notset-mobile\"><div class=\"is-carousel uagb-tm__columns-1 uagb-tm__items\"><div class=\"uagb-testimonial__wrap  uagb-tm__imgicon-style-circle uagb-tm__image-position-bottom uagb-tm__bg-type-none\"><div class=\"uagb-tm__content\"><div class=\"uagb-tm__overlay\"><\/div><div class=\"uagb-tm__text-wrap\"><div class=\"uagb-tm__desc\">Smarte Learning School m&rsquo;a aid\u00e9 \u00e0 concr\u00e9tiser mon id\u00e9e d&rsquo;entreprise. Les cours pratiques et le mentorat personnalis\u00e9 ont \u00e9t\u00e9 essentiels pour mon succ\u00e8s.<\/div><div class=\"uagb-tm__meta-inner\"><div class=\"uagb-tm__image-content\"><div class=\"uagb-tm__image\"><img loading=\"lazy\" decoding=\"async\" class=\"uagb-tm-img-src\" src=\"https:\/\/smarte-learningschool.com\/wp-content\/uploads\/2024\/07\/testimonial-skip-01.jpg\" alt=\"\" width=\"60\" height=\"60\"\/><\/div><\/div><div class=\"uagb-testimonial-details\"><span class=\"uagb-tm__author-name\">Jean Dupont<\/span><span class=\"uagb-tm__company\">Nom de l&rsquo;entreprise<\/span><\/div><\/div><\/div><\/div><\/div><\/div><\/div><\/div>\n\n<div class=\"wp-block-uagb-container uagb-block-8c3551a2\"><div class=\"wp-block-uagb-star-rating uagb-block-f1910267\"><div class=\"uag-star-rating\" title=\"5\/5\"><span class=\"uag-star\">\u2605<\/span><span class=\"uag-star\">\u2605<\/span><span class=\"uag-star\">\u2605<\/span><span class=\"uag-star\">\u2605<\/span><span class=\"uag-star\">\u2605<\/span><\/div><\/div>\n\n<div class=\"wp-block-uagb-testimonial uagb-slick-carousel uagb-tm__arrow-outside uagb-block-c53516e2 uagb-post__carousel_notset uagb-post__carousel_notset-tablet uagb-post__carousel_notset-mobile\"><div class=\"is-carousel uagb-tm__columns-1 uagb-tm__items\"><div class=\"uagb-testimonial__wrap  uagb-tm__imgicon-style-circle uagb-tm__image-position-bottom uagb-tm__bg-type-none\"><div class=\"uagb-tm__content\"><div class=\"uagb-tm__overlay\"><\/div><div class=\"uagb-tm__text-wrap\"><div class=\"uagb-tm__desc\">Les stages en entreprise m&rsquo;ont permis d&rsquo;acqu\u00e9rir une exp\u00e9rience r\u00e9elle du monde des affaires. Une exp\u00e9rience inestimable pour ma carri\u00e8re future.<\/div><div class=\"uagb-tm__meta-inner\"><div class=\"uagb-tm__image-content\"><div class=\"uagb-tm__image\"><img loading=\"lazy\" decoding=\"async\" class=\"uagb-tm-img-src\" src=\"https:\/\/smarte-learningschool.com\/wp-content\/uploads\/2024\/07\/testimonial-skip-02.jpg\" alt=\"\" width=\"60\" height=\"60\"\/><\/div><\/div><div class=\"uagb-testimonial-details\"><span class=\"uagb-tm__author-name\">Marie Martin<\/span><span class=\"uagb-tm__company\">Nom de l&rsquo;entreprise<\/span><\/div><\/div><\/div><\/div><\/div><\/div><\/div><\/div>\n\n<div class=\"wp-block-uagb-container uagb-block-ce1c084c\"><div class=\"wp-block-uagb-star-rating uagb-block-e26f454b\"><div class=\"uag-star-rating\" title=\"5\/5\"><span class=\"uag-star\">\u2605<\/span><span class=\"uag-star\">\u2605<\/span><span class=\"uag-star\">\u2605<\/span><span class=\"uag-star\">\u2605<\/span><span class=\"uag-star\">\u2605<\/span><\/div><\/div>\n\n<div class=\"wp-block-uagb-testimonial uagb-slick-carousel uagb-tm__arrow-outside uagb-block-0bab5d1b uagb-post__carousel_notset uagb-post__carousel_notset-tablet uagb-post__carousel_notset-mobile\"><div class=\"is-carousel uagb-tm__columns-1 uagb-tm__items\"><div class=\"uagb-testimonial__wrap  uagb-tm__imgicon-style-circle uagb-tm__image-position-bottom uagb-tm__bg-type-none\"><div class=\"uagb-tm__content\"><div class=\"uagb-tm__overlay\"><\/div><div class=\"uagb-tm__text-wrap\"><div class=\"uagb-tm__desc\">La culture d&rsquo;innovation et d&rsquo;adaptation m&rsquo;a pr\u00e9par\u00e9 avec confiance pour les d\u00e9fis du march\u00e9 actuel. Une \u00e9cole vraiment exceptionnelle !<\/div><div class=\"uagb-tm__meta-inner\"><div class=\"uagb-tm__image-content\"><div class=\"uagb-tm__image\"><img loading=\"lazy\" decoding=\"async\" class=\"uagb-tm-img-src\" src=\"https:\/\/smarte-learningschool.com\/wp-content\/uploads\/2024\/07\/testimonial-skip-03.jpg\" alt=\"\" width=\"60\" height=\"60\"\/><\/div><\/div><div class=\"uagb-testimonial-details\"><span class=\"uagb-tm__author-name\">Sophie Lambert<\/span><span class=\"uagb-tm__company\">Nom de l&rsquo;entreprise<\/span><\/div><\/div><\/div><\/div><\/div><\/div><\/div><\/div><\/div><\/div><\/div><div class=\"wp-block-uagb-container uagb-block-e48afbb0 alignfull uagb-is-root-container\"><div class=\"uagb-container-inner-blocks-wrap\"><div class=\"wp-block-uagb-info-box uagb-block-c1c19ed1 uagb-infobox__content-wrap  uagb-infobox-icon-above-title uagb-infobox-image-valign-top\"><div class=\"uagb-ifb-content\"><div class=\"uagb-ifb-title-wrap\"><span class=\"uagb-ifb-title-prefix\">Contactez<\/span><h2 class=\"uagb-ifb-title\">Pr\u00eat \u00e0 D\u00e9marrer Votre Aventure Entrepreneuriale ?<\/h2><\/div><p class=\"uagb-ifb-desc\">Contactez-nous d\u00e8s aujourd&rsquo;hui pour obtenir plus d&rsquo;informations sur nos programmes et services.<\/p><div class=\"uagb-ifb-button-wrapper wp-block-button\"><a href=\"\/en\/contact\/\" class=\"uagb-infobox-cta-link wp-block-button__link\" target=\"_self\" rel=\"noopener noreferrer\" onclick=\"return true;\"><span class=\"uagb-inline-editing\">Inscrivez-vous<\/span><\/a><\/div><\/div><\/div><\/div><\/div>","protected":false},"excerpt":{"rendered":"<p>Services Nos Principaux Services Proposition Notre Proposition de Valeur Unique T\u00e9moignages Ce qu&rsquo;ils disent de nous<\/p>","protected":false},"author":1,"featured_media":0,"parent":0,"menu_order":0,"comment_status":"closed","ping_status":"closed","template":"","meta":{"_uag_custom_page_level_css":"","site-sidebar-layout":"default","site-content-layout":"","ast-site-content-layout":"default","site-content-style":"default","site-sidebar-style":"default","ast-global-header-display":"","ast-banner-title-visibility":"","ast-main-header-display":"","ast-hfb-above-header-display":"","ast-hfb-below-header-display":"","ast-hfb-mobile-header-display":"","site-post-title":"disabled","ast-breadcrumbs-content":"","ast-featured-img":"","footer-sml-layout":"","theme-transparent-header-meta":"","adv-header-id-meta":"","stick-header-meta":"","header-above-stick-meta":"","header-main-stick-meta":"","header-below-stick-meta":"","astra-migrate-meta-layouts":"default","ast-page-background-enabled":"default","ast-page-background-meta":{"desktop":{"background-color":"var(--ast-global-color-4)","background-image":"","background-repeat":"repeat","background-position":"center center","background-size":"auto","background-attachment":"scroll","background-type":"","background-media":"","overlay-type":"","overlay-color":"","overlay-opacity":"","overlay-gradient":""},"tablet":{"background-color":"","background-image":"","background-repeat":"repeat","background-position":"center center","background-size":"auto","background-attachment":"scroll","background-type":"","background-media":"","overlay-type":"","overlay-color":"","overlay-opacity":"","overlay-gradient":""},"mobile":{"background-color":"","background-image":"","background-repeat":"repeat","background-position":"center center","background-size":"auto","background-attachment":"scroll","background-type":"","background-media":"","overlay-type":"","overlay-color":"","overlay-opacity":"","overlay-gradient":""}},"ast-content-background-meta":{"desktop":{"background-color":"var(--ast-global-color-5)","background-image":"","background-repeat":"repeat","background-position":"center center","background-size":"auto","background-attachment":"scroll","background-type":"","background-media":"","overlay-type":"","overlay-color":"","overlay-opacity":"","overlay-gradient":""},"tablet":{"background-color":"var(--ast-global-color-5)","background-image":"","background-repeat":"repeat","background-position":"center center","background-size":"auto","background-attachment":"scroll","background-type":"","background-media":"","overlay-type":"","overlay-color":"","overlay-opacity":"","overlay-gradient":""},"mobile":{"background-color":"var(--ast-global-color-5)","background-image":"","background-repeat":"repeat","background-position":"center center","background-size":"auto","background-attachment":"scroll","background-type":"","background-media":"","overlay-type":"","overlay-color":"","overlay-opacity":"","overlay-gradient":""}},"footnotes":""},"class_list":["post-144","page","type-page","status-publish","hentry"],"uagb_featured_image_src":{"full":false,"thumbnail":false,"medium":false,"medium_large":false,"large":false,"1536x1536":false,"2048x2048":false,"trp-custom-language-flag":false,"woocommerce_thumbnail":false,"woocommerce_single":false,"woocommerce_gallery_thumbnail":false},"uagb_author_info":{"display_name":"Fabrice","author_link":"https:\/\/smarte-learningschool.com\/en\/author\/fabrice\/"},"uagb_comment_info":0,"uagb_excerpt":"Services Nos Principaux Services Proposition Notre Proposition de Valeur Unique T\u00e9moignages Ce qu&rsquo;ils disent de nous","_links":{"self":[{"href":"https:\/\/smarte-learningschool.com\/en\/wp-json\/wp\/v2\/pages\/144","targetHints":{"allow":["GET"]}}],"collection":[{"href":"https:\/\/smarte-learningschool.com\/en\/wp-json\/wp\/v2\/pages"}],"about":[{"href":"https:\/\/smarte-learningschool.com\/en\/wp-json\/wp\/v2\/types\/page"}],"author":[{"embeddable":true,"href":"https:\/\/smarte-learningschool.com\/en\/wp-json\/wp\/v2\/users\/1"}],"replies":[{"embeddable":true,"href":"https:\/\/smarte-learningschool.com\/en\/wp-json\/wp\/v2\/comments?post=144"}],"version-history":[{"count":3,"href":"https:\/\/smarte-learningschool.com\/en\/wp-json\/wp\/v2\/pages\/144\/revisions"}],"predecessor-version":[{"id":187,"href":"https:\/\/smarte-learningschool.com\/en\/wp-json\/wp\/v2\/pages\/144\/revisions\/187"}],"wp:attachment":[{"href":"https:\/\/smarte-learningschool.com\/en\/wp-json\/wp\/v2\/media?parent=144"}],"curies":[{"name":"wp","href":"https:\/\/api.w.org\/{rel}","templated":true}]}}