{"id":145,"date":"2024-09-09T12:26:55","date_gmt":"2024-09-09T12:26:55","guid":{"rendered":"https:\/\/smarte-learningschool.com\/about\/"},"modified":"2024-09-09T12:27:01","modified_gmt":"2024-09-09T12:27:01","slug":"about","status":"publish","type":"page","link":"https:\/\/smarte-learningschool.com\/en\/about\/","title":{"rendered":"About"},"content":{"rendered":"<div class=\"wp-block-uagb-container uagb-block-cd2bf25d alignfull uagb-is-root-container\"><div class=\"uagb-container-inner-blocks-wrap\"><div class=\"wp-block-uagb-advanced-heading uagb-block-26b518ac\"><p class=\"uagb-desc-text\">D\u00e9couvrez<\/p><h1 class=\"uagb-heading-text\">Notre Histoire d&rsquo;Innovation<\/h1><\/div><\/div><\/div><div class=\"wp-block-uagb-container uagb-block-d9a6699b alignfull uagb-is-root-container\"><div class=\"uagb-container-inner-blocks-wrap\"><div class=\"wp-block-uagb-container uagb-block-2a0810e6\"><div class=\"wp-block-uagb-advanced-heading uagb-block-9ba080a1\"><p class=\"uagb-desc-text\">\u00c0 Propos de notre \u00c9cole<\/p><h2 class=\"uagb-heading-text\">Qui Nous Sommes et Ce Que Nous Faisons<\/h2><\/div>\n\n<div class=\"wp-block-uagb-advanced-heading uagb-block-f12469fe\"><p class=\"uagb-heading-text\">Smarte Learning School est une \u00e9cole d&rsquo;entrepreneuriat \u00e0 Paris, fond\u00e9e par l&rsquo;entrepreneur \u00e0 succ\u00e8s, Thomas. Nos cours pratiques et innovants ainsi que notre mentorat personnalis\u00e9 permettent aux \u00e9tudiants de se lancer dans l&rsquo;entrepreneuriat en toute confiance, en s&rsquo;adaptant aux tendances du march\u00e9.<\/p><p class=\"uagb-desc-text\">Nous nous engageons \u00e0 fournir une exp\u00e9rience enrichissante aux \u00e9tudiants gr\u00e2ce \u00e0 des stages en entreprise et \u00e0 les aider \u00e0 d\u00e9velopper des comp\u00e9tences pratiques pour r\u00e9ussir dans le monde de l&rsquo;entrepreneuriat.<\/p><\/div><\/div>\n\n<div class=\"wp-block-uagb-image uagb-block-aa6e155d wp-block-uagb-image--layout-default wp-block-uagb-image--effect-static wp-block-uagb-image--align-none\"><figure class=\"wp-block-uagb-image__figure\"><img loading=\"lazy\" decoding=\"async\" srcset=\"https:\/\/smarte-learningschool.com\/wp-content\/uploads\/2024\/09\/cellular-education-classroom-159844.jpeg ,https:\/\/smarte-learningschool.com\/wp-content\/uploads\/2024\/06\/how-we-are.jpg 780w, https:\/\/smarte-learningschool.com\/wp-content\/uploads\/2024\/06\/how-we-are.jpg 360w\" sizes=\"auto, (max-width: 480px) 150px\" src=\"https:\/\/smarte-learningschool.com\/wp-content\/uploads\/2024\/09\/cellular-education-classroom-159844.jpeg\" alt=\"\" class=\"uag-image-6\" width=\"1200\" height=\"450\" title=\"how-we-are\" role=\"img\"\/><\/figure><\/div>\n\n<div class=\"wp-block-uagb-container uagb-block-34df9393\"><div class=\"wp-block-uagb-container uagb-block-cf29644c\"><div class=\"wp-block-uagb-advanced-heading uagb-block-ebb1536b\"><h3 class=\"uagb-heading-text\">Mission<\/h3><p class=\"uagb-desc-text\">Favoriser la cr\u00e9ation d&rsquo;entreprises prosp\u00e8res \u00e0 travers une \u00e9ducation innovante et un mentorat personnalis\u00e9.<\/p><\/div><\/div>\n\n<div class=\"wp-block-uagb-container uagb-block-73a726e4\"><div class=\"wp-block-uagb-advanced-heading uagb-block-414c8d9f\"><h3 class=\"uagb-heading-text\">Vision<\/h3><p class=\"uagb-desc-text\">\u00catre le catalyseur de l&rsquo;innovation et de la r\u00e9ussite entrepreneuriale en formant les leaders de demain.<\/p><\/div><\/div>\n\n<div class=\"wp-block-uagb-container uagb-block-8f052846\"><div class=\"wp-block-uagb-advanced-heading uagb-block-4bbdd7d2\"><h3 class=\"uagb-heading-text\">Valeur<\/h3><p class=\"uagb-desc-text\">Engagement envers l&rsquo;innovation, l&rsquo;excellence, l&rsquo;int\u00e9grit\u00e9 et le soutien envers nos \u00e9tudiants pour un succ\u00e8s durable.<\/p><\/div><\/div><\/div><\/div><\/div><div class=\"wp-block-uagb-container uagb-layout-grid uagb-block-6dd98696 alignfull uagb-is-root-container\"><div class=\"uagb-container-inner-blocks-wrap\"><div class=\"wp-block-uagb-image uagb-block-424e1e01 wp-block-uagb-image--layout-default wp-block-uagb-image--effect-static wp-block-uagb-image--align-none\"><figure class=\"wp-block-uagb-image__figure\"><img loading=\"lazy\" decoding=\"async\" srcset=\"https:\/\/smarte-learningschool.com\/wp-content\/uploads\/2024\/09\/pexels-photo-1370296.jpeg ,https:\/\/smarte-learningschool.com\/wp-content\/uploads\/2024\/09\/pexels-photo-1370296.jpeg 780w, https:\/\/smarte-learningschool.com\/wp-content\/uploads\/2024\/09\/pexels-photo-1370296.jpeg 360w\" sizes=\"auto, (max-width: 480px) 150px\" src=\"https:\/\/smarte-learningschool.com\/wp-content\/uploads\/2024\/09\/pexels-photo-1370296.jpeg\" alt=\"\" class=\"uag-image-7\" width=\"560\" height=\"450\" title=\"about-us-01\" role=\"img\"\/><\/figure><\/div>\n\n<div class=\"wp-block-uagb-info-box uagb-block-b0ae75bf uagb-infobox__content-wrap  uagb-infobox-icon-above-title uagb-infobox-image-valign-top\"><div class=\"uagb-ifb-content\"><div class=\"uagb-ifb-title-wrap\"><span class=\"uagb-ifb-title-prefix\">Notre Parcours<\/span><h2 class=\"uagb-ifb-title\">\u00c9volution de Smarte Learning School<\/h2><\/div><p class=\"uagb-ifb-desc\">Depuis sa cr\u00e9ation par Thomas, notre \u00e9cole a form\u00e9 un grand nombre d&rsquo;\u00e9tudiants qui sont devenus des entrepreneurs prosp\u00e8res gr\u00e2ce \u00e0 notre approche innovante et orient\u00e9e vers les r\u00e9sultats.<\/p><\/div><\/div><\/div><\/div><div class=\"wp-block-uagb-container uagb-block-e48afbb0 alignfull uagb-is-root-container\"><div class=\"uagb-container-inner-blocks-wrap\"><div class=\"wp-block-uagb-info-box uagb-block-c1c19ed1 uagb-infobox__content-wrap  uagb-infobox-icon-above-title uagb-infobox-image-valign-top\"><div class=\"uagb-ifb-content\"><div class=\"uagb-ifb-title-wrap\"><span class=\"uagb-ifb-title-prefix\">Contactez<\/span><h2 class=\"uagb-ifb-title\">Pr\u00eat \u00e0 D\u00e9marrer Votre Aventure Entrepreneuriale ?<\/h2><\/div><p class=\"uagb-ifb-desc\">Contactez-nous d\u00e8s aujourd&rsquo;hui pour obtenir plus d&rsquo;informations sur nos programmes et services.<\/p><div class=\"uagb-ifb-button-wrapper wp-block-button\"><a href=\"\/en\/contact\/\" class=\"uagb-infobox-cta-link wp-block-button__link\" target=\"_self\" rel=\"noopener noreferrer\" onclick=\"return true;\"><span class=\"uagb-inline-editing\">Inscrivez-vous<\/span><\/a><\/div><\/div><\/div><\/div><\/div>","protected":false},"excerpt":{"rendered":"<p>D\u00e9couvrez Notre Histoire d&rsquo;Innovation \u00c0 Propos de notre \u00c9cole Qui Nous Sommes et Ce Que Nous Faisons Smarte Learning School [&hellip;]<\/p>","protected":false},"author":1,"featured_media":0,"parent":0,"menu_order":0,"comment_status":"closed","ping_status":"closed","template":"","meta":{"_uag_custom_page_level_css":"","site-sidebar-layout":"default","site-content-layout":"","ast-site-content-layout":"default","site-content-style":"default","site-sidebar-style":"default","ast-global-header-display":"","ast-banner-title-visibility":"","ast-main-header-display":"","ast-hfb-above-header-display":"","ast-hfb-below-header-display":"","ast-hfb-mobile-header-display":"","site-post-title":"disabled","ast-breadcrumbs-content":"","ast-featured-img":"","footer-sml-layout":"","theme-transparent-header-meta":"","adv-header-id-meta":"","stick-header-meta":"","header-above-stick-meta":"","header-main-stick-meta":"","header-below-stick-meta":"","astra-migrate-meta-layouts":"default","ast-page-background-enabled":"default","ast-page-background-meta":{"desktop":{"background-color":"var(--ast-global-color-4)","background-image":"","background-repeat":"repeat","background-position":"center center","background-size":"auto","background-attachment":"scroll","background-type":"","background-media":"","overlay-type":"","overlay-color":"","overlay-opacity":"","overlay-gradient":""},"tablet":{"background-color":"","background-image":"","background-repeat":"repeat","background-position":"center center","background-size":"auto","background-attachment":"scroll","background-type":"","background-media":"","overlay-type":"","overlay-color":"","overlay-opacity":"","overlay-gradient":""},"mobile":{"background-color":"","background-image":"","background-repeat":"repeat","background-position":"center center","background-size":"auto","background-attachment":"scroll","background-type":"","background-media":"","overlay-type":"","overlay-color":"","overlay-opacity":"","overlay-gradient":""}},"ast-content-background-meta":{"desktop":{"background-color":"var(--ast-global-color-5)","background-image":"","background-repeat":"repeat","background-position":"center center","background-size":"auto","background-attachment":"scroll","background-type":"","background-media":"","overlay-type":"","overlay-color":"","overlay-opacity":"","overlay-gradient":""},"tablet":{"background-color":"var(--ast-global-color-5)","background-image":"","background-repeat":"repeat","background-position":"center center","background-size":"auto","background-attachment":"scroll","background-type":"","background-media":"","overlay-type":"","overlay-color":"","overlay-opacity":"","overlay-gradient":""},"mobile":{"background-color":"var(--ast-global-color-5)","background-image":"","background-repeat":"repeat","background-position":"center center","background-size":"auto","background-attachment":"scroll","background-type":"","background-media":"","overlay-type":"","overlay-color":"","overlay-opacity":"","overlay-gradient":""}},"footnotes":""},"class_list":["post-145","page","type-page","status-publish","hentry"],"uagb_featured_image_src":{"full":false,"thumbnail":false,"medium":false,"medium_large":false,"large":false,"1536x1536":false,"2048x2048":false,"trp-custom-language-flag":false,"woocommerce_thumbnail":false,"woocommerce_single":false,"woocommerce_gallery_thumbnail":false},"uagb_author_info":{"display_name":"Fabrice","author_link":"https:\/\/smarte-learningschool.com\/en\/author\/fabrice\/"},"uagb_comment_info":0,"uagb_excerpt":"D\u00e9couvrez Notre Histoire d&rsquo;Innovation \u00c0 Propos de notre \u00c9cole Qui Nous Sommes et Ce Que Nous Faisons Smarte Learning School [&hellip;]","_links":{"self":[{"href":"https:\/\/smarte-learningschool.com\/en\/wp-json\/wp\/v2\/pages\/145","targetHints":{"allow":["GET"]}}],"collection":[{"href":"https:\/\/smarte-learningschool.com\/en\/wp-json\/wp\/v2\/pages"}],"about":[{"href":"https:\/\/smarte-learningschool.com\/en\/wp-json\/wp\/v2\/types\/page"}],"author":[{"embeddable":true,"href":"https:\/\/smarte-learningschool.com\/en\/wp-json\/wp\/v2\/users\/1"}],"replies":[{"embeddable":true,"href":"https:\/\/smarte-learningschool.com\/en\/wp-json\/wp\/v2\/comments?post=145"}],"version-history":[{"count":2,"href":"https:\/\/smarte-learningschool.com\/en\/wp-json\/wp\/v2\/pages\/145\/revisions"}],"predecessor-version":[{"id":186,"href":"https:\/\/smarte-learningschool.com\/en\/wp-json\/wp\/v2\/pages\/145\/revisions\/186"}],"wp:attachment":[{"href":"https:\/\/smarte-learningschool.com\/en\/wp-json\/wp\/v2\/media?parent=145"}],"curies":[{"name":"wp","href":"https:\/\/api.w.org\/{rel}","templated":true}]}}