{"id":253,"date":"2024-12-09T10:20:54","date_gmt":"2024-12-09T10:20:54","guid":{"rendered":"https:\/\/smarte-learningschool.com\/?post_type=product&#038;p=253"},"modified":"2024-12-09T10:20:54","modified_gmt":"2024-12-09T10:20:54","slug":"%f0%9d%90%81%f0%9d%90%a8%f0%9d%90%a8%f0%9d%90%ac%f0%9d%90%ad%f0%9d%90%9e%f0%9d%90%b3-%f0%9d%90%af%f0%9d%90%a8%f0%9d%90%ad%f0%9d%90%ab%f0%9d%90%9e-%f0%9d%90%81%f0%9d%90%ae%f0%9d%90%ac%f0%9d%90%a2","status":"publish","type":"product","link":"https:\/\/smarte-learningschool.com\/en\/product\/%f0%9d%90%81%f0%9d%90%a8%f0%9d%90%a8%f0%9d%90%ac%f0%9d%90%ad%f0%9d%90%9e%f0%9d%90%b3-%f0%9d%90%af%f0%9d%90%a8%f0%9d%90%ad%f0%9d%90%ab%f0%9d%90%9e-%f0%9d%90%81%f0%9d%90%ae%f0%9d%90%ac%f0%9d%90%a2\/","title":{"rendered":"\ud835\udc01\ud835\udc28\ud835\udc28\ud835\udc2c\ud835\udc2d\ud835\udc1e\ud835\udc33 \ud835\udc2f\ud835\udc28\ud835\udc2d\ud835\udc2b\ud835\udc1e \ud835\udc01\ud835\udc2e\ud835\udc2c\ud835\udc22\ud835\udc27\ud835\udc1e\ud835\udc2c\ud835\udc2c \ud835\udc1d\ud835\udc1e\u0300\ud835\udc2c \ud835\udc00\ud835\udc2e\ud835\udc23\ud835\udc28\ud835\udc2e\ud835\udc2b\ud835\udc1d&rsquo;\ud835\udc21\ud835\udc2e\ud835\udc22 \ud835\udc1a\ud835\udc2f\ud835\udc1e\ud835\udc1c \ud835\udc25&rsquo;\ud835\udc08\ud835\udc26\ud835\udc29\ud835\udc28\ud835\udc2b\ud835\udc2d\ud835\udc1a\ud835\udc2d\ud835\udc22\ud835\udc28\ud835\udc27 \ud835\udc1d\ud835\udc1e\ud835\udc29\ud835\udc2e\ud835\udc22\ud835\udc2c \ud835\udc25\ud835\udc1a \ud835\udc02\ud835\udc21\ud835\udc22\ud835\udc27\ud835\udc1e !"},"content":{"rendered":"<p>Vous \u00eates pr\u00eat \u00e0 transformer votre business ? D\u00e9couvrez la Formation E-commerce 1688 de Ecom-R\u00e9ussite et apprenez \u00e0 exploiter le potentiel immense de la plateforme 1688 pour des achats en gros \u00e0 des prix imbattables.<\/p>\n<p>\ud83d\udd25 Pourquoi 1688 est votre Meilleur Alli\u00e9 ? 1688 n&rsquo;est pas juste un site d&rsquo;achat en gros, c&rsquo;est votre acc\u00e8s direct \u00e0 une multitude de produits \u00e0 des prix ultra-comp\u00e9titifs, parfaits pour maximiser vos marges et dynamiser votre offre.<\/p>\n<p>\ud83c\udf93 Ce que vous Apprendrez :<\/p>\n<p>Module 1 : Les bases essentielles pour r\u00e9ussir en E-commerce.<br \/>\nModule 2 : Tout ce qu&rsquo;il faut savoir sur la plateforme 1688.<br \/>\nModule 3 : Mise en pratique avec des exemples concrets.<br \/>\nModule 4 : Achats en direct sur 1688, ma\u00eetrisez chaque \u00e9tape !<br \/>\n\ud83d\udca1 Pourquoi cette Formation est Indispensable :<\/p>\n<p>Acc\u00e9dez \u00e0 une formation compl\u00e8te en ligne, disponible 24\/7.<br \/>\nApprentissage pratique et concret avec un accompagnement personnalis\u00e9.<br \/>\nInt\u00e9grez une communaut\u00e9 dynamique pour \u00e9cha<\/p>","protected":false},"excerpt":{"rendered":"<p>Vous \u00eates pr\u00eat \u00e0 transformer votre business ? D\u00e9couvrez la Formation E-commerce 1688 de Ecom-R\u00e9ussite et apprenez \u00e0 exploiter le [&hellip;]<\/p>","protected":false},"featured_media":255,"comment_status":"open","ping_status":"closed","template":"","meta":{"_uag_custom_page_level_css":"","site-sidebar-layout":"default","site-content-layout":"","ast-site-content-layout":"default","site-content-style":"default","site-sidebar-style":"default","ast-global-header-display":"","ast-banner-title-visibility":"","ast-main-header-display":"","ast-hfb-above-header-display":"","ast-hfb-below-header-display":"","ast-hfb-mobile-header-display":"","site-post-title":"","ast-breadcrumbs-content":"","ast-featured-img":"","footer-sml-layout":"","theme-transparent-header-meta":"default","adv-header-id-meta":"","stick-header-meta":"","header-above-stick-meta":"","header-main-stick-meta":"","header-below-stick-meta":"","astra-migrate-meta-layouts":"set","ast-page-background-enabled":"default","ast-page-background-meta":{"desktop":{"background-color":"var(--ast-global-color-4)","background-image":"","background-repeat":"repeat","background-position":"center center","background-size":"auto","background-attachment":"scroll","background-type":"","background-media":"","overlay-type":"","overlay-color":"","overlay-opacity":"","overlay-gradient":""},"tablet":{"background-color":"","background-image":"","background-repeat":"repeat","background-position":"center center","background-size":"auto","background-attachment":"scroll","background-type":"","background-media":"","overlay-type":"","overlay-color":"","overlay-opacity":"","overlay-gradient":""},"mobile":{"background-color":"","background-image":"","background-repeat":"repeat","background-position":"center center","background-size":"auto","background-attachment":"scroll","background-type":"","background-media":"","overlay-type":"","overlay-color":"","overlay-opacity":"","overlay-gradient":""}},"ast-content-background-meta":{"desktop":{"background-color":"var(--ast-global-color-5)","background-image":"","background-repeat":"repeat","background-position":"center center","background-size":"auto","background-attachment":"scroll","background-type":"","background-media":"","overlay-type":"","overlay-color":"","overlay-opacity":"","overlay-gradient":""},"tablet":{"background-color":"var(--ast-global-color-5)","background-image":"","background-repeat":"repeat","background-position":"center center","background-size":"auto","background-attachment":"scroll","background-type":"","background-media":"","overlay-type":"","overlay-color":"","overlay-opacity":"","overlay-gradient":""},"mobile":{"background-color":"var(--ast-global-color-5)","background-image":"","background-repeat":"repeat","background-position":"center center","background-size":"auto","background-attachment":"scroll","background-type":"","background-media":"","overlay-type":"","overlay-color":"","overlay-opacity":"","overlay-gradient":""}}},"product_brand":[],"product_cat":[19],"product_tag":[],"class_list":{"0":"post-253","1":"product","2":"type-product","3":"status-publish","4":"has-post-thumbnail","6":"product_cat-formation","7":"desktop-align-left","8":"tablet-align-left","9":"mobile-align-left","11":"first","12":"instock","13":"sale","14":"downloadable","15":"shipping-taxable","16":"purchasable","17":"product-type-simple"},"uagb_featured_image_src":{"full":["https:\/\/smarte-learningschool.com\/wp-content\/uploads\/2024\/12\/WhatsApp-Image-2024-12-09-at-11.12.58.jpeg",1080,1065,false],"thumbnail":["https:\/\/smarte-learningschool.com\/wp-content\/uploads\/2024\/12\/WhatsApp-Image-2024-12-09-at-11.12.58-150x150.jpeg",150,150,true],"medium":["https:\/\/smarte-learningschool.com\/wp-content\/uploads\/2024\/12\/WhatsApp-Image-2024-12-09-at-11.12.58-300x296.jpeg",300,296,true],"medium_large":["https:\/\/smarte-learningschool.com\/wp-content\/uploads\/2024\/12\/WhatsApp-Image-2024-12-09-at-11.12.58-768x757.jpeg",768,757,true],"large":["https:\/\/smarte-learningschool.com\/wp-content\/uploads\/2024\/12\/WhatsApp-Image-2024-12-09-at-11.12.58-1024x1010.jpeg",1024,1010,true],"1536x1536":["https:\/\/smarte-learningschool.com\/wp-content\/uploads\/2024\/12\/WhatsApp-Image-2024-12-09-at-11.12.58.jpeg",1080,1065,false],"2048x2048":["https:\/\/smarte-learningschool.com\/wp-content\/uploads\/2024\/12\/WhatsApp-Image-2024-12-09-at-11.12.58.jpeg",1080,1065,false],"trp-custom-language-flag":["https:\/\/smarte-learningschool.com\/wp-content\/uploads\/2024\/12\/WhatsApp-Image-2024-12-09-at-11.12.58-12x12.jpeg",12,12,true],"woocommerce_thumbnail":["https:\/\/smarte-learningschool.com\/wp-content\/uploads\/2024\/12\/WhatsApp-Image-2024-12-09-at-11.12.58-300x300.jpeg",300,300,true],"woocommerce_single":["https:\/\/smarte-learningschool.com\/wp-content\/uploads\/2024\/12\/WhatsApp-Image-2024-12-09-at-11.12.58-600x592.jpeg",600,592,true],"woocommerce_gallery_thumbnail":["https:\/\/smarte-learningschool.com\/wp-content\/uploads\/2024\/12\/WhatsApp-Image-2024-12-09-at-11.12.58-100x100.jpeg",100,100,true]},"uagb_author_info":{"display_name":"Fabrice","author_link":"https:\/\/smarte-learningschool.com\/en\/author\/"},"uagb_comment_info":0,"uagb_excerpt":"Vous \u00eates pr\u00eat \u00e0 transformer votre business ? D\u00e9couvrez la Formation E-commerce 1688 de Ecom-R\u00e9ussite et apprenez \u00e0 exploiter le [&hellip;]","_links":{"self":[{"href":"https:\/\/smarte-learningschool.com\/en\/wp-json\/wp\/v2\/product\/253","targetHints":{"allow":["GET"]}}],"collection":[{"href":"https:\/\/smarte-learningschool.com\/en\/wp-json\/wp\/v2\/product"}],"about":[{"href":"https:\/\/smarte-learningschool.com\/en\/wp-json\/wp\/v2\/types\/product"}],"replies":[{"embeddable":true,"href":"https:\/\/smarte-learningschool.com\/en\/wp-json\/wp\/v2\/comments?post=253"}],"wp:featuredmedia":[{"embeddable":true,"href":"https:\/\/smarte-learningschool.com\/en\/wp-json\/wp\/v2\/media\/255"}],"wp:attachment":[{"href":"https:\/\/smarte-learningschool.com\/en\/wp-json\/wp\/v2\/media?parent=253"}],"wp:term":[{"taxonomy":"product_brand","embeddable":true,"href":"https:\/\/smarte-learningschool.com\/en\/wp-json\/wp\/v2\/product_brand?post=253"},{"taxonomy":"product_cat","embeddable":true,"href":"https:\/\/smarte-learningschool.com\/en\/wp-json\/wp\/v2\/product_cat?post=253"},{"taxonomy":"product_tag","embeddable":true,"href":"https:\/\/smarte-learningschool.com\/en\/wp-json\/wp\/v2\/product_tag?post=253"}],"curies":[{"name":"wp","href":"https:\/\/api.w.org\/{rel}","templated":true}]}}